{"id":120,"date":"2021-01-25T18:29:13","date_gmt":"2021-01-25T17:29:13","guid":{"rendered":"https:\/\/www.ab-jetzt-hier.de\/wordpress\/?page_id=120"},"modified":"2021-12-10T16:40:17","modified_gmt":"2021-12-10T15:40:17","slug":"ernaehrung-genuss","status":"publish","type":"page","link":"https:\/\/www.ab-jetzt-hier.de\/wordpress\/ernaehrung-genuss\/","title":{"rendered":"Ern\u00e4hrung"},"content":{"rendered":"<p><center><\/p>\n<h1>Ern\u00e4hrung &amp; Genuss<\/h1>\n<p><img loading=\"lazy\" decoding=\"async\" class=\"alignnone size-full wp-image-377\" src=\"https:\/\/www.ab-jetzt-hier.de\/wordpress\/wp-content\/uploads\/2021\/02\/Link1_seite.png\" alt=\"L\u00f6wenzahn\" width=\"668\" height=\"447\" srcset=\"https:\/\/www.ab-jetzt-hier.de\/wordpress\/wp-content\/uploads\/2021\/02\/Link1_seite.png 668w, https:\/\/www.ab-jetzt-hier.de\/wordpress\/wp-content\/uploads\/2021\/02\/Link1_seite-300x201.png 300w\" sizes=\"auto, (max-width: 668px) 100vw, 668px\" \/><\/p>\n<h3 style=\"color: #041a5a;\">Die Begegnung mit Menschen und ihren individuellen Bed\u00fcrfnissen bereitet mir als<br \/>\nErn\u00e4hrungswissenschaftlerin seit nunmehr \u00fcber 20 Jahren gro\u00dfe Freude.<\/h3>\n<p>Ich stehe Ihnen bei der Vermittlung von Theorie und deren Umsetzung in die allt\u00e4gliche Praxis zur Seite.<br \/>\nIn meinen Einzelberatungen und Kursen steht dabei die langfristige Verhaltens\u00e4nderung im Vordergrund.<\/p>\n<p>Gemeinsam suchen wir f\u00fcr Sie passende Wege zu neuen Gewohnheiten.<\/p>\n<p>Die Krankenkassen beteiligen sich i. d. R. an den Kosten f\u00fcr mein Beratungshonorar.<\/p>\n<p style=\"color: #ffffff;\">&#8222;Theoretisch gibt es keinen Unterschied zwischen Theorie und Praxis. In der Praxis schon.&#8220;<br \/>\n<em>Yogi Berra<\/em><\/p>\n<p>Sowohl in Einzelberatungen wie auch als Dozentin und Kursleiterin habe ich gelernt, Rahmen zu schaffen,<br \/>\nin denen Menschen sich gerne \u00f6ffnen und wir warmherzig miteinander kommunizieren k\u00f6nnen.<\/p>\n<p>Dabei kommen regelm\u00e4\u00dfig auch Themen jenseits des Tellerrandes zur Sprache.<br \/>\nDenn nicht jede Art von Hunger kann mit Lebensmitteln gestillt werden\u2026<\/p>\n<p>Zunehmend gewinnen \u00dcbungen zur Achtsamkeit und Selbstf\u00fcrsorge an Bedeutung in meiner Arbeit sowie in meinem Leben.<\/p>\n<p style=\"color: #ffffff;\">&#8222;Wahre Ver\u00e4nderung geschieht im Innern, nicht au\u00dfen. Finde das JETZT in dir\u2026&#8220;<br \/>\n<em>Eckart Tolle<\/em><\/p>\n<p><strong>Meine Beratungsschwerpunkte<\/strong><\/p>\n<p>\u22c5 Schwangerschaft und Stillzeit<br \/>\n\u22c5 Beikosteinf\u00fchrung<br \/>\n\u22c5 Kinderern\u00e4hrung<br \/>\n\u22c5 Nahrungsmittel-Unvertr\u00e4glichkeiten<br \/>\n\u22c5 Gewichtsreduktion<br \/>\n\u22c5 Adipositas permagna (pr\u00e4 und post Operation)<\/p>\n<p><em>Qualifikaton: Diplom Oecotrophologin mit VFED-Zertifikat (Verband f\u00fcr Ern\u00e4hrung und Di\u00e4tetik e. V.)<\/em><br \/>\n<\/center><\/p>\n","protected":false},"excerpt":{"rendered":"<p>Ern\u00e4hrung &amp; Genuss Die Begegnung mit Menschen und ihren individuellen Bed\u00fcrfnissen bereitet mir als Ern\u00e4hrungswissenschaftlerin seit nunmehr \u00fcber 20 Jahren gro\u00dfe Freude. Ich stehe Ihnen bei der Vermittlung von Theorie und deren Umsetzung in die allt\u00e4gliche Praxis zur Seite. In meinen Einzelberatungen und Kursen steht dabei die langfristige Verhaltens\u00e4nderung im Vordergrund. Gemeinsam suchen wir f\u00fcr&#8230;<\/p>\n","protected":false},"author":1,"featured_media":0,"parent":0,"menu_order":0,"comment_status":"closed","ping_status":"closed","template":"fullwidth.php","meta":{"footnotes":""},"class_list":["post-120","page","type-page","status-publish","hentry"],"_links":{"self":[{"href":"https:\/\/www.ab-jetzt-hier.de\/wordpress\/wp-json\/wp\/v2\/pages\/120","targetHints":{"allow":["GET"]}}],"collection":[{"href":"https:\/\/www.ab-jetzt-hier.de\/wordpress\/wp-json\/wp\/v2\/pages"}],"about":[{"href":"https:\/\/www.ab-jetzt-hier.de\/wordpress\/wp-json\/wp\/v2\/types\/page"}],"author":[{"embeddable":true,"href":"https:\/\/www.ab-jetzt-hier.de\/wordpress\/wp-json\/wp\/v2\/users\/1"}],"replies":[{"embeddable":true,"href":"https:\/\/www.ab-jetzt-hier.de\/wordpress\/wp-json\/wp\/v2\/comments?post=120"}],"version-history":[{"count":28,"href":"https:\/\/www.ab-jetzt-hier.de\/wordpress\/wp-json\/wp\/v2\/pages\/120\/revisions"}],"predecessor-version":[{"id":663,"href":"https:\/\/www.ab-jetzt-hier.de\/wordpress\/wp-json\/wp\/v2\/pages\/120\/revisions\/663"}],"wp:attachment":[{"href":"https:\/\/www.ab-jetzt-hier.de\/wordpress\/wp-json\/wp\/v2\/media?parent=120"}],"curies":[{"name":"wp","href":"https:\/\/api.w.org\/{rel}","templated":true}]}}