{"id":162,"date":"2021-02-02T17:35:31","date_gmt":"2021-02-02T16:35:31","guid":{"rendered":"https:\/\/www.ab-jetzt-hier.de\/wordpress\/?page_id=162"},"modified":"2021-03-02T11:14:19","modified_gmt":"2021-03-02T10:14:19","slug":"impressum","status":"publish","type":"page","link":"https:\/\/www.ab-jetzt-hier.de\/wordpress\/impressum\/","title":{"rendered":"Impressum"},"content":{"rendered":"<p><center><\/p>\n<h1>Impressum<\/h1>\n<p><strong>Anja Boerner<\/strong><\/p>\n<p>Beim Alten Gaswerk 2g<br \/>\n22761 Hamburg<\/p>\n<p><strong>0176 &#8211; 4909 1405<\/strong><\/p>\n<p><strong><a style=\"text-decoration: none; color:#ffffff; font-weight: normal;\" href=\"mailto:kontakt@ab-jetzt-hier.de\" rel=\"noopener noreferrer\" target=\"_blank\">\u2192 Kontakt@AB-jetzt-hier.de<\/a><\/strong><\/p>\n<p>www.AB-jetzt-hier.de<\/p>\n<p>**********<\/p>\n<p><strong>Verantwortlich f\u00fcr den Inhalt<\/strong><\/p>\n<p>Anja Boerner<\/p>\n<p>F\u00fcr die Inhalte extern verlinkter Steiten sind ausschlie\u00dflich deren Betreiber verantwortlich!<\/p>\n<p>**********<\/p>\n<p><strong>Bildnachweise<\/strong><br \/>\nBlumenteller und Herzblume \u2192 pixabay<br \/>\nBlume des Lebens <a style=\"color: #ffffff; text-decoration: none;\" href=\"https:\/\/www.himmelsrauschen.de\/\" rel=\"noopener\" target=\"_blank\">\u2192 www.himmelsrauschen.de<\/a><br \/>\nPortrait <a style=\"color: #ffffff; text-decoration: none;\" href=\"https:\/\/maya-meiners.de\" rel=\"noopener\" target=\"_blank\">\u2192 www.maya-meiners.de<\/a><br \/>\nBlumenwiese \u2192 Usman Mughal<\/p>\n<p><strong>Webdesign<\/strong> Gestaltung &#038; Umsetzung \u2013 Nana Suhrbier <a style=\"color: #ffffff; text-decoration: none;\" href=\"https:\/\/www.atelieramfluss.de\/\" rel=\"noopener\" target=\"_blank\">\u2192 www.atelieramfluss.de<\/a><br \/>\n<\/center><\/p>\n","protected":false},"excerpt":{"rendered":"<p>Impressum Anja Boerner Beim Alten Gaswerk 2g 22761 Hamburg 0176 &#8211; 4909 1405 \u2192 Kontakt@AB-jetzt-hier.de www.AB-jetzt-hier.de ********** Verantwortlich f\u00fcr den Inhalt Anja Boerner F\u00fcr die Inhalte extern verlinkter Steiten sind ausschlie\u00dflich deren Betreiber verantwortlich! ********** Bildnachweise Blumenteller und Herzblume \u2192 pixabay Blume des Lebens \u2192 www.himmelsrauschen.de Portrait \u2192 www.maya-meiners.de Blumenwiese \u2192 Usman Mughal Webdesign Gestaltung&#8230;<\/p>\n","protected":false},"author":1,"featured_media":0,"parent":0,"menu_order":0,"comment_status":"closed","ping_status":"closed","template":"fullwidth.php","meta":{"footnotes":""},"class_list":["post-162","page","type-page","status-publish","hentry"],"_links":{"self":[{"href":"https:\/\/www.ab-jetzt-hier.de\/wordpress\/wp-json\/wp\/v2\/pages\/162","targetHints":{"allow":["GET"]}}],"collection":[{"href":"https:\/\/www.ab-jetzt-hier.de\/wordpress\/wp-json\/wp\/v2\/pages"}],"about":[{"href":"https:\/\/www.ab-jetzt-hier.de\/wordpress\/wp-json\/wp\/v2\/types\/page"}],"author":[{"embeddable":true,"href":"https:\/\/www.ab-jetzt-hier.de\/wordpress\/wp-json\/wp\/v2\/users\/1"}],"replies":[{"embeddable":true,"href":"https:\/\/www.ab-jetzt-hier.de\/wordpress\/wp-json\/wp\/v2\/comments?post=162"}],"version-history":[{"count":15,"href":"https:\/\/www.ab-jetzt-hier.de\/wordpress\/wp-json\/wp\/v2\/pages\/162\/revisions"}],"predecessor-version":[{"id":620,"href":"https:\/\/www.ab-jetzt-hier.de\/wordpress\/wp-json\/wp\/v2\/pages\/162\/revisions\/620"}],"wp:attachment":[{"href":"https:\/\/www.ab-jetzt-hier.de\/wordpress\/wp-json\/wp\/v2\/media?parent=162"}],"curies":[{"name":"wp","href":"https:\/\/api.w.org\/{rel}","templated":true}]}}