{"id":170,"date":"2021-02-02T17:42:39","date_gmt":"2021-02-02T16:42:39","guid":{"rendered":"https:\/\/www.ab-jetzt-hier.de\/wordpress\/?page_id=170"},"modified":"2021-03-11T09:26:22","modified_gmt":"2021-03-11T08:26:22","slug":"ueber-mich","status":"publish","type":"page","link":"https:\/\/www.ab-jetzt-hier.de\/wordpress\/ueber-mich\/","title":{"rendered":"\u00dcber mich"},"content":{"rendered":"<p><center><\/p>\n<h1>\u00dcber mich<\/h1>\n<p><img loading=\"lazy\" decoding=\"async\" src=\"https:\/\/www.ab-jetzt-hier.de\/wordpress\/wp-content\/uploads\/2021\/02\/anja_1schmetterling_kl.png\" alt=\"Anja Boerner\" width=\"1260\" height=\"500\" class=\"alignnone size-full wp-image-388\" srcset=\"https:\/\/www.ab-jetzt-hier.de\/wordpress\/wp-content\/uploads\/2021\/02\/anja_1schmetterling_kl.png 1260w, https:\/\/www.ab-jetzt-hier.de\/wordpress\/wp-content\/uploads\/2021\/02\/anja_1schmetterling_kl-300x119.png 300w, https:\/\/www.ab-jetzt-hier.de\/wordpress\/wp-content\/uploads\/2021\/02\/anja_1schmetterling_kl-700x278.png 700w, https:\/\/www.ab-jetzt-hier.de\/wordpress\/wp-content\/uploads\/2021\/02\/anja_1schmetterling_kl-768x305.png 768w, https:\/\/www.ab-jetzt-hier.de\/wordpress\/wp-content\/uploads\/2021\/02\/anja_1schmetterling_kl-800x317.png 800w\" sizes=\"auto, (max-width: 1260px) 100vw, 1260px\" \/><\/p>\n<p style=\"color: #041a5a;\">\n<strong style=\"font-size:1.4em;\">Anja Boerner<\/strong><br \/>\nDipl. oec. troph.<\/p>\n<p>Ern\u00e4hrungsberaterin<br \/>\nRednerin und Trauerbegleiterin<\/p>\n<p>Geboren wurde ich am Muttertag 1972 in Hamburg<\/p>\n<p>Ich bin gl\u00fccklich verheiratet und Mutter eines erwachsenen Sohnes<\/p>\n<p>Nach dem Abitur 1991 studierte ich \u00d6kotrophologie an der Fachhochschule Hamburg \/ Diplom 1998<\/p>\n<p>Seit 1998 bin ich freiberuflich t\u00e4tig als Ern\u00e4hrungsberaterin und<\/p>\n<p>seit 2016 arbeite ich im Bereich Trauerbegleitung und Bestattung<\/p>\n<p style=\"color: #ffffff;\">&#8222;Jederzeit singe ich sehr gerne und ich liebe es, im und am Wasser zu sein.&#8220;<\/p>\n<p>**********<br \/>\n<strong><br \/>\nAuftraggeber im Bereich Ern\u00e4hrung<\/strong><\/p>\n<p> \t&sdot; AOK Rheinland \/ Hamburg Die Gesundheitskasse<br \/>\n \t&sdot; IKK Nord Innungskrankenkasse<br \/>\n        &sdot; Netzwerk Junge Familie &#8211; Gesund ins Leben<br \/>\n        &sdot; z.e.b. e.V. (Zentrale f\u00fcr Ern\u00e4hrungsberatung an der HAW Hamburg)<br \/>\n        &sdot; sowie weitere Firmen und Privatpersonen<br \/>\n       (Kostenerstattung \u00fcber die Krankenkasse ist m\u00f6glich)<\/p>\n<p><strong>Ausbildungen im Bereich Abschied und Trauer<\/strong><\/p>\n<p>Trauernde Erwachsene begleiten &#8211; Qualifizierung in Trauerbegleitung im Lotsenhaus Hamburg,  Herbst 2015 bis Sommer 2016<\/p>\n<p>Trauerreden bei Annette Rosenfeld in Kooperation mit &#8222;Trostwerk &#8211; andere Bestattungen&#8220;, Januar bis November 2017<\/p>\n<p>\u201eHinterm Horizont geht&#8217;s weiter\u201c Ausbildung zur Cosmogetischen Trauerbegleitung bei Jana Haas \u2013 Mai bis Oktober 2021<\/p>\n<p><strong>Achtsamkeits- und Musiziererfahrung<\/strong><\/p>\n<p>Regelm\u00e4\u00dfige eigene Meditationspraxis u.a. mit Unterst\u00fctzung durch Volker Schmidt &#8211; Werkstatt Spiritualit\u00e4t,<br \/>\nsowie von meinem Meditationslehrer Felix Baritsch<\/p>\n<p>Co-Leitung und Mitgestaltung von Meditationsangeboten:<br \/>\n&sdot; Stille Zeit f\u00fcr Sch\u00fclerInnen in Kooperation mit der Paul-Gerhard-Gemeinde Altona<br \/>\n&sdot; Meditation und Austausch f\u00fcr Trauernde von der Sangha-Hilfe Hamburg<br \/>\n&sdot; Handauflegen in Stille in der Kirche der Stille Hamburg<\/p>\n<p>Diverse Veranstaltungen und ehrenamtliche Mitarbeit in der Kirche der Stille, Hamburg <\/p>\n<p>Besuche von Netzwerktreffen sowie Fortbildungen von Kristallklang e.V. (Mitglied seit 2020)<\/p>\n<p>Leiterin der offenen Singgruppe &#8222;EinKlang&#8220; und Teilnehmerin verschiedenster Klangangebote:<br \/>\nvon Chor \u00fcber Singkreise und Liedern\u00e4chten bis zu Gongmeditationen und Klangmassagen<br \/>\n<\/center><\/p>\n","protected":false},"excerpt":{"rendered":"<p>\u00dcber mich Anja Boerner Dipl. oec. troph. Ern\u00e4hrungsberaterin Rednerin und Trauerbegleiterin Geboren wurde ich am Muttertag 1972 in Hamburg Ich bin gl\u00fccklich verheiratet und Mutter eines erwachsenen Sohnes Nach dem Abitur 1991 studierte ich \u00d6kotrophologie an der Fachhochschule Hamburg \/ Diplom 1998 Seit 1998 bin ich freiberuflich t\u00e4tig als Ern\u00e4hrungsberaterin und seit 2016 arbeite ich&#8230;<\/p>\n","protected":false},"author":1,"featured_media":0,"parent":0,"menu_order":0,"comment_status":"closed","ping_status":"closed","template":"fullwidth.php","meta":{"footnotes":""},"class_list":["post-170","page","type-page","status-publish","hentry"],"_links":{"self":[{"href":"https:\/\/www.ab-jetzt-hier.de\/wordpress\/wp-json\/wp\/v2\/pages\/170","targetHints":{"allow":["GET"]}}],"collection":[{"href":"https:\/\/www.ab-jetzt-hier.de\/wordpress\/wp-json\/wp\/v2\/pages"}],"about":[{"href":"https:\/\/www.ab-jetzt-hier.de\/wordpress\/wp-json\/wp\/v2\/types\/page"}],"author":[{"embeddable":true,"href":"https:\/\/www.ab-jetzt-hier.de\/wordpress\/wp-json\/wp\/v2\/users\/1"}],"replies":[{"embeddable":true,"href":"https:\/\/www.ab-jetzt-hier.de\/wordpress\/wp-json\/wp\/v2\/comments?post=170"}],"version-history":[{"count":30,"href":"https:\/\/www.ab-jetzt-hier.de\/wordpress\/wp-json\/wp\/v2\/pages\/170\/revisions"}],"predecessor-version":[{"id":641,"href":"https:\/\/www.ab-jetzt-hier.de\/wordpress\/wp-json\/wp\/v2\/pages\/170\/revisions\/641"}],"wp:attachment":[{"href":"https:\/\/www.ab-jetzt-hier.de\/wordpress\/wp-json\/wp\/v2\/media?parent=170"}],"curies":[{"name":"wp","href":"https:\/\/api.w.org\/{rel}","templated":true}]}}